{"id":14266,"date":"2025-07-18T12:34:41","date_gmt":"2025-07-18T10:34:41","guid":{"rendered":"https:\/\/www.immobiliareccfs.it\/wordpress\/?page_id=14266"},"modified":"2025-07-29T16:07:52","modified_gmt":"2025-07-29T14:07:52","slug":"privacy-policy","status":"publish","type":"page","link":"https:\/\/www.immobiliareccfs.it\/wordpress\/privacy-policy\/","title":{"rendered":"Privacy Policy"},"content":{"rendered":"<p>[vc_row][vc_column][vc_column_text]<em>AGGIORNATA AL 08\/07\/2025<\/em><\/p>\n<p>Questa informativa \u00e8 redatta e personalizzata per i visitatori del sito web<span style=\"color: #006f3f;\"> <a style=\"color: #006f3f;\" href=\"https:\/\/www.immobiliareccfs.it\">https:\/\/www.immobiliareccfs.it\/<\/a><\/span>. Il presente documento annulla e sostituisce integralmente il documento che era stato pubblicato in precedenza in tema di privacy e cookie.<\/p>\n<p><strong><a href=\"https:\/\/www.immobiliareccfs.it\/wordpress\/cookie-policy\/\"><span style=\"color: #006f3f;\">Cookie policy<\/span><\/a><\/strong><\/p>\n<p><strong>INFORMATIVA SITO WEB AI SENSI DELL\u2019ART 13 DEL REGOLAMENTO EUROPEO 2016\/679 (GDPR)<\/strong><\/p>\n<p>Specifiche informative di sintesi sono progressivamente riportate o visualizzate nelle pagine del sito predisposte per particolari servizi a richiesta che prevedono form per la raccolta dei dati. La informiamo inoltre che, per fornire un servizio completo, il nostro sito pu\u00f2 contenere link ad altri siti web, non gestiti da CCFS Immobiliare Spa (di seguito anche CCFS Immobiliare o Titolare). CCFS Immobiliare Spa non \u00e8 responsabile di errori, contenuti, cookies, pubblicazioni di contenuto morale illecito, pubblicit\u00e0, banner o files non conformi alle disposizioni normative vigenti e del rispetto della normativa Privacy da parte di siti non gestiti dal Titolare.<\/p>\n<p>CCFS Immobiliare Spa in qualit\u00e0 di Titolare del trattamento dei suoi dati personali ai sensi e per gli effetti dell\u2019art. 13 del Regolamento Europeo 2016\/679, con la presente La informa che la citata normativa prevede la tutela dei soggetti interessati rispetto al trattamento dei dati personali e che tale trattamento sar\u00e0 improntato ai principi di correttezza, liceit\u00e0 e trasparenza e di tutela della Sua riservatezza e dei Suoi diritti. Le informazioni ed i dati personali da Lei forniti od altrimenti acquisti nell\u2019ambito dell\u2019utilizzo del sito saranno trattati in accordo alle disposizioni legislative della normativa sopra richiamata e degli obblighi di riservatezza ivi previsti.<\/p>\n<p><strong>SOGGETTI INTERESSATI E TEMPO DI CONSERVAZIONE<br \/>\nA) utenti (navigatori) del sito web <\/strong><a href=\"https:\/\/www.immobiliareccfs.it\"><span style=\"color: #006f3f;\">https:\/\/www.immobiliareccfs.it\/<\/span><\/a><\/p>\n<p>Nel corso della navigazione, i sistemi informatici e le procedure software preposte al funzionamento del Sito acquisiscono alcuni dati personali la cui trasmissione \u00e8 implicita nell\u2019uso dei protocolli di comunicazione di Internet, quali, a titolo esemplificativo, gli indirizzi IP o i nomi a dominio dei computer e dei terminali utilizzati dagli utenti, gli indirizzi in notazione URI\/URL (<em>Uniform Resource Identifier\/Locator<\/em>) delle risorse richieste, l\u2019orario della richiesta, la dimensione del file ottenuto ed altri parametri relativi al sistema operativo dell\u2019utente,<\/p>\n<p>Per maggiori informazioni consultare la cookie policy disponibile sul sito<\/p>\n<p><strong>MODALIT\u00c0 DEL TRATTAMENTO DEI DATI PERSONALI<\/strong><br \/>\nI suoi dati personali saranno trattati con modalit\u00e0 manuali, elettroniche e\/o telematiche, nel rispetto delle modalit\u00e0 di cui agli artt. 6, 32 del GDPR e mediante l&#8217;adozione delle adeguate misure di sicurezza previste.<br \/>\nIl Titolare per confrontare ed eventualmente migliorare i risultati delle comunicazioni, utilizza sistemi per invio di newsletter e comunicazioni promozionali con report.<\/p>\n<p>Tutti questi dati sono utilizzati allo scopo di confrontare, ed eventualmente migliorare, i risultati delle comunicazioni.<\/p>\n<p><strong>DESTINATARI DEI DATI PERSONALI E DIFFUSIONE DEI DATI<\/strong><br \/>\nI suoi dati saranno trattati da personale opportunamente incaricato e potranno essere trattati da soggetti terzi appartenenti, a titolo esemplificativo, alle seguenti categorie:<\/p>\n<ul>\n<li>soggetti esterni che forniscono servizi in cloud;<\/li>\n<\/ul>\n<ul>\n<li>fornitori di servizi di assistenza tecnica;<\/li>\n<li>societ\u00e0 del gruppo che forniscono i servizi per la gestione del sistema informatico, ivi inclusi i servizi di hosting dei server e di backup.<\/li>\n<\/ul>\n<p>I soggetti appartenenti alle categorie sopra riportate operano, in alcune ipotesi, in qualit\u00e0 di responsabili del trattamento appositamente nominati dal Titolare nel rispetto dell\u2019articolo 28 GDPR, in altre ipotesi in totale autonomia come distinti titolari del trattamento, restando inteso che, in quest\u2019ultimo caso, la comunicazione dei suoi dati personali a tali titolari autonomi \u00e8 effettuata unicamente ai fini del perseguimento delle finalit\u00e0 indicate nella presente informativa<\/p>\n<p>L\u2019elenco completo pu\u00f2 essere richiesto scrivendo ai recapiti del Titolare.<br \/>\nI suoi dati non saranno oggetto di diffusione.<\/p>\n<p><strong>TRASFERIMENTO DEI DATI PERSONALI:<\/strong><\/p>\n<p>i suoi dati sono conservati in paesi appartenenti all\u2019Unione Europea. Per i soli dati trattatati mediante cookie i suoi dati saranno trasferiti verso paesi non appartenenti all\u2019Unione Europea come indicato nella cookie policy delle societ\u00e0 che erogano i servizi relativi ai cookie di terze parti. Per maggiori informazioni scrivere a privacyccfsimmobiliare@ccfs.it<\/p>\n<p><strong>TITOLARE DEL TRATTAMENTO<\/strong><br \/>\nIl Titolare del trattamento \u00e8 CCFS Immobiliare Spa (con sede legale in via Meuccio Ruini, 74L \u2013 42124 \u2013 Reggio Emilia, privacyccfsimmobiliare@ccfs.it) nella persona del legale rappresentante pro-tempore.<br \/>\nLei ha diritto di ottenere dal Titolare la cancellazione (diritto all&#8217;oblio), la limitazione, l&#8217;aggiornamento, la rettificazione, la portabilit\u00e0, l&#8217;opposizione al trattamento dei dati personali che La riguardano, nonch\u00e9 in generale pu\u00f2 esercitare tutti i diritti previsti dagli artt. 15, 16, 17, 18, 19, 20, 21, 22 del Regolamento Europeo 2016\/679 scrivendo a privacyccfsimmobiliare@ccfs.it.<\/p>\n<p><u>Lei ha inoltre il diritto di proporre reclamo all\u2019Autorit\u00e0 di controllo <\/u><\/p>\n<p><strong>DIRITTI DEGLI INTERESSATI<\/strong><br \/>\nReg.to UE 2016\/679: Artt. 15, 16, 17, 18, 19, 20, 21, 22 &#8211; Diritti dell&#8217;Interessato<br \/>\n1. L&#8217;interessato ha diritto di ottenere la conferma dell&#8217;esistenza o meno di dati personali che lo riguardano, anche se non ancora registrati, e la loro comunicazione in forma intelligibile e la possibilit\u00e0 di effettuare reclamo presso l\u2019Autorit\u00e0 di controllo.<br \/>\n2. L&#8217;interessato ha diritto di ottenere l&#8217;indicazione:<\/p>\n<ol>\n<li>dell&#8217;origine dei dati personali;<\/li>\n<li>delle finalit\u00e0 e modalit\u00e0 del trattamento;<\/li>\n<li>della logica applicata in caso di trattamento effettuato con l&#8217;ausilio di strumenti elettronici;<\/li>\n<li>dei soggetti o delle categorie di soggetti ai quali i dati personali possono essere comunicati o che possono venirne a conoscenza in qualit\u00e0 di rappresentante designato nel territorio dello Stato, di responsabili o personale autorizzato al trattamento dei dati personali.<\/li>\n<li>L&#8217;interessato ha diritto di ottenere:<\/li>\n<li>l&#8217;aggiornamento, la rettificazione ovvero, quando vi ha interesse, l&#8217;integrazione dei dati;<\/li>\n<li>la cancellazione, la trasformazione in forma anonima o il blocco dei dati trattati in violazione di legge, compresi quelli di cui non \u00e8 necessaria la conservazione in relazione agli scopi per i quali i dati sono stati raccolti o successivamente trattati;<\/li>\n<li>l&#8217;attestazione che le operazioni di cui alle lettere a) e b) sono state portate a conoscenza, anche per quanto riguarda il loro contenuto, di coloro ai quali i dati sono stati comunicati o diffusi, eccettuato il caso in cui tale adempimento si rivela impossibile o comporta un impiego di mezzi manifestamente sproporzionato rispetto al diritto tutelato;<\/li>\n<li>la portabilit\u00e0 dei dati.<\/li>\n<li>L&#8217;interessato ha diritto di opporsi, in tutto o in parte:<\/li>\n<li>per motivi legittimi al trattamento dei dati personali che lo riguardano, ancorch\u00e9 pertinenti allo scopo della raccolta;<\/li>\n<li>al trattamento di dati personali che lo riguardano a fini di invio di materiale pubblicitario o di vendita diretta o per il compimento di ricerche di mercato o di comunicazione commerciale.<\/li>\n<\/ol>\n<p>[\/vc_column_text][\/vc_column][\/vc_row][vc_row][vc_column][vc_column_text]<\/p>\n","protected":false},"excerpt":{"rendered":"[vc_row][vc_column][vc_column_text]AGGIORNATA AL 08\/07\/2025 Questa informativa \u00e8 redatta e personalizzata per i visitatori del sito web https:\/\/www.immobiliareccfs.it\/. Il presente documento annulla e sostituisce integralmente il documento che era stato pubblicato in precedenza in tema di privacy e cookie. Cookie policy INFORMATIVA SITO WEB AI SENSI DELL\u2019ART 13 DEL REGOLAMENTO EUROPEO 2016\/679 (GDPR) Specifiche informative di sintesi&#8230;","protected":false},"author":1,"featured_media":0,"parent":0,"menu_order":0,"comment_status":"closed","ping_status":"closed","template":"","meta":{"footnotes":""},"class_list":["post-14266","page","type-page","status-publish","hentry"],"yoast_head":"<!-- This site is optimized with the Yoast SEO plugin v26.7 - https:\/\/yoast.com\/wordpress\/plugins\/seo\/ -->\n<title>Privacy Policy - Immobiliare CCFS<\/title>\n<meta name=\"robots\" content=\"index, follow, max-snippet:-1, max-image-preview:large, max-video-preview:-1\" \/>\n<link rel=\"canonical\" href=\"http:\/\/www.immobiliareccfs.it\/wordpress\/privacy-policy\/\" \/>\n<meta property=\"og:locale\" content=\"it_IT\" \/>\n<meta property=\"og:type\" content=\"article\" \/>\n<meta property=\"og:title\" content=\"Privacy Policy - Immobiliare CCFS\" \/>\n<meta property=\"og:description\" content=\"[vc_row][vc_column][vc_column_text]AGGIORNATA AL 08\/07\/2025 Questa informativa \u00e8 redatta e personalizzata per i visitatori del sito web https:\/\/www.immobiliareccfs.it\/. Il presente documento annulla e sostituisce integralmente il documento che era stato pubblicato in precedenza in tema di privacy e cookie. Cookie policy INFORMATIVA SITO WEB AI SENSI DELL\u2019ART 13 DEL REGOLAMENTO EUROPEO 2016\/679 (GDPR) Specifiche informative di sintesi...\" \/>\n<meta property=\"og:url\" content=\"http:\/\/www.immobiliareccfs.it\/wordpress\/privacy-policy\/\" \/>\n<meta property=\"og:site_name\" content=\"Immobiliare CCFS\" \/>\n<meta property=\"article:modified_time\" content=\"2025-07-29T14:07:52+00:00\" \/>\n<meta name=\"twitter:card\" content=\"summary_large_image\" \/>\n<meta name=\"twitter:label1\" content=\"Tempo di lettura stimato\" \/>\n\t<meta name=\"twitter:data1\" content=\"6 minuti\" \/>\n<script type=\"application\/ld+json\" class=\"yoast-schema-graph\">{\"@context\":\"https:\/\/schema.org\",\"@graph\":[{\"@type\":\"WebPage\",\"@id\":\"http:\/\/www.immobiliareccfs.it\/wordpress\/privacy-policy\/\",\"url\":\"http:\/\/www.immobiliareccfs.it\/wordpress\/privacy-policy\/\",\"name\":\"Privacy Policy - Immobiliare CCFS\",\"isPartOf\":{\"@id\":\"http:\/\/www.immobiliareccfs.it\/wordpress\/#website\"},\"datePublished\":\"2025-07-18T10:34:41+00:00\",\"dateModified\":\"2025-07-29T14:07:52+00:00\",\"breadcrumb\":{\"@id\":\"http:\/\/www.immobiliareccfs.it\/wordpress\/privacy-policy\/#breadcrumb\"},\"inLanguage\":\"it-IT\",\"potentialAction\":[{\"@type\":\"ReadAction\",\"target\":[\"http:\/\/www.immobiliareccfs.it\/wordpress\/privacy-policy\/\"]}]},{\"@type\":\"BreadcrumbList\",\"@id\":\"http:\/\/www.immobiliareccfs.it\/wordpress\/privacy-policy\/#breadcrumb\",\"itemListElement\":[{\"@type\":\"ListItem\",\"position\":1,\"name\":\"Home\",\"item\":\"http:\/\/www.immobiliareccfs.it\/wordpress\/\"},{\"@type\":\"ListItem\",\"position\":2,\"name\":\"Privacy Policy\"}]},{\"@type\":\"WebSite\",\"@id\":\"http:\/\/www.immobiliareccfs.it\/wordpress\/#website\",\"url\":\"http:\/\/www.immobiliareccfs.it\/wordpress\/\",\"name\":\"ImmobiliareCCFS\",\"description\":\"\",\"publisher\":{\"@id\":\"http:\/\/www.immobiliareccfs.it\/wordpress\/#organization\"},\"potentialAction\":[{\"@type\":\"SearchAction\",\"target\":{\"@type\":\"EntryPoint\",\"urlTemplate\":\"http:\/\/www.immobiliareccfs.it\/wordpress\/?s={search_term_string}\"},\"query-input\":{\"@type\":\"PropertyValueSpecification\",\"valueRequired\":true,\"valueName\":\"search_term_string\"}}],\"inLanguage\":\"it-IT\"},{\"@type\":\"Organization\",\"@id\":\"http:\/\/www.immobiliareccfs.it\/wordpress\/#organization\",\"name\":\"Immobiliare CCFS\",\"url\":\"http:\/\/www.immobiliareccfs.it\/wordpress\/\",\"logo\":{\"@type\":\"ImageObject\",\"inLanguage\":\"it-IT\",\"@id\":\"http:\/\/www.immobiliareccfs.it\/wordpress\/#\/schema\/logo\/image\/\",\"url\":\"https:\/\/www.immobiliareccfs.it\/wordpress\/wp-content\/uploads\/2018\/05\/Logo-imm-ok.jpg\",\"contentUrl\":\"https:\/\/www.immobiliareccfs.it\/wordpress\/wp-content\/uploads\/2018\/05\/Logo-imm-ok.jpg\",\"width\":140,\"height\":105,\"caption\":\"Immobiliare CCFS\"},\"image\":{\"@id\":\"http:\/\/www.immobiliareccfs.it\/wordpress\/#\/schema\/logo\/image\/\"}}]}<\/script>\n<!-- \/ Yoast SEO plugin. -->","yoast_head_json":{"title":"Privacy Policy - Immobiliare CCFS","robots":{"index":"index","follow":"follow","max-snippet":"max-snippet:-1","max-image-preview":"max-image-preview:large","max-video-preview":"max-video-preview:-1"},"canonical":"http:\/\/www.immobiliareccfs.it\/wordpress\/privacy-policy\/","og_locale":"it_IT","og_type":"article","og_title":"Privacy Policy - Immobiliare CCFS","og_description":"[vc_row][vc_column][vc_column_text]AGGIORNATA AL 08\/07\/2025 Questa informativa \u00e8 redatta e personalizzata per i visitatori del sito web https:\/\/www.immobiliareccfs.it\/. Il presente documento annulla e sostituisce integralmente il documento che era stato pubblicato in precedenza in tema di privacy e cookie. Cookie policy INFORMATIVA SITO WEB AI SENSI DELL\u2019ART 13 DEL REGOLAMENTO EUROPEO 2016\/679 (GDPR) Specifiche informative di sintesi...","og_url":"http:\/\/www.immobiliareccfs.it\/wordpress\/privacy-policy\/","og_site_name":"Immobiliare CCFS","article_modified_time":"2025-07-29T14:07:52+00:00","twitter_card":"summary_large_image","twitter_misc":{"Tempo di lettura stimato":"6 minuti"},"schema":{"@context":"https:\/\/schema.org","@graph":[{"@type":"WebPage","@id":"http:\/\/www.immobiliareccfs.it\/wordpress\/privacy-policy\/","url":"http:\/\/www.immobiliareccfs.it\/wordpress\/privacy-policy\/","name":"Privacy Policy - Immobiliare CCFS","isPartOf":{"@id":"http:\/\/www.immobiliareccfs.it\/wordpress\/#website"},"datePublished":"2025-07-18T10:34:41+00:00","dateModified":"2025-07-29T14:07:52+00:00","breadcrumb":{"@id":"http:\/\/www.immobiliareccfs.it\/wordpress\/privacy-policy\/#breadcrumb"},"inLanguage":"it-IT","potentialAction":[{"@type":"ReadAction","target":["http:\/\/www.immobiliareccfs.it\/wordpress\/privacy-policy\/"]}]},{"@type":"BreadcrumbList","@id":"http:\/\/www.immobiliareccfs.it\/wordpress\/privacy-policy\/#breadcrumb","itemListElement":[{"@type":"ListItem","position":1,"name":"Home","item":"http:\/\/www.immobiliareccfs.it\/wordpress\/"},{"@type":"ListItem","position":2,"name":"Privacy Policy"}]},{"@type":"WebSite","@id":"http:\/\/www.immobiliareccfs.it\/wordpress\/#website","url":"http:\/\/www.immobiliareccfs.it\/wordpress\/","name":"ImmobiliareCCFS","description":"","publisher":{"@id":"http:\/\/www.immobiliareccfs.it\/wordpress\/#organization"},"potentialAction":[{"@type":"SearchAction","target":{"@type":"EntryPoint","urlTemplate":"http:\/\/www.immobiliareccfs.it\/wordpress\/?s={search_term_string}"},"query-input":{"@type":"PropertyValueSpecification","valueRequired":true,"valueName":"search_term_string"}}],"inLanguage":"it-IT"},{"@type":"Organization","@id":"http:\/\/www.immobiliareccfs.it\/wordpress\/#organization","name":"Immobiliare CCFS","url":"http:\/\/www.immobiliareccfs.it\/wordpress\/","logo":{"@type":"ImageObject","inLanguage":"it-IT","@id":"http:\/\/www.immobiliareccfs.it\/wordpress\/#\/schema\/logo\/image\/","url":"https:\/\/www.immobiliareccfs.it\/wordpress\/wp-content\/uploads\/2018\/05\/Logo-imm-ok.jpg","contentUrl":"https:\/\/www.immobiliareccfs.it\/wordpress\/wp-content\/uploads\/2018\/05\/Logo-imm-ok.jpg","width":140,"height":105,"caption":"Immobiliare CCFS"},"image":{"@id":"http:\/\/www.immobiliareccfs.it\/wordpress\/#\/schema\/logo\/image\/"}}]}},"_links":{"self":[{"href":"https:\/\/www.immobiliareccfs.it\/wordpress\/wp-json\/wp\/v2\/pages\/14266","targetHints":{"allow":["GET"]}}],"collection":[{"href":"https:\/\/www.immobiliareccfs.it\/wordpress\/wp-json\/wp\/v2\/pages"}],"about":[{"href":"https:\/\/www.immobiliareccfs.it\/wordpress\/wp-json\/wp\/v2\/types\/page"}],"author":[{"embeddable":true,"href":"https:\/\/www.immobiliareccfs.it\/wordpress\/wp-json\/wp\/v2\/users\/1"}],"replies":[{"embeddable":true,"href":"https:\/\/www.immobiliareccfs.it\/wordpress\/wp-json\/wp\/v2\/comments?post=14266"}],"version-history":[{"count":8,"href":"https:\/\/www.immobiliareccfs.it\/wordpress\/wp-json\/wp\/v2\/pages\/14266\/revisions"}],"predecessor-version":[{"id":14359,"href":"https:\/\/www.immobiliareccfs.it\/wordpress\/wp-json\/wp\/v2\/pages\/14266\/revisions\/14359"}],"wp:attachment":[{"href":"https:\/\/www.immobiliareccfs.it\/wordpress\/wp-json\/wp\/v2\/media?parent=14266"}],"curies":[{"name":"wp","href":"https:\/\/api.w.org\/{rel}","templated":true}]}}